{"id":291951,"date":"2023-08-29T12:21:26","date_gmt":"2023-08-29T10:21:26","guid":{"rendered":"https:\/\/chulointeriors.com\/product\/mesa-auxiliar-n55-blanco-y-negro\/"},"modified":"2024-03-19T18:14:28","modified_gmt":"2024-03-19T16:14:28","slug":"mesa-auxiliar-n55-blanco-y-negro","status":"publish","type":"product","link":"https:\/\/chulointeriors.com\/es\/product\/mesa-auxiliar-n55-blanco-y-negro\/","title":{"rendered":"Mesa auxiliar n55 Blanco y negro"},"content":{"rendered":"<p>Mesa auxiliar n.55. De l\u00edneas redondeadas esta mesa est\u00e1 fabricada en tablero mdf chapado en roble natural con acabado te\u00f1ido negro mate que combina a la perfecci\u00f3n con los tonos blancos y grises del material cer\u00e1mico utilizado para el sobre. Dispone de un pr\u00e1ctico caj\u00f3n y la base es de metal negro con acabado mate.<\/p>\n","protected":false},"excerpt":{"rendered":"<p>Mesa auxiliar n.55. De l\u00edneas redondeadas esta mesa est\u00e1 fabricada en tablero mdf chapado en roble natural con acabado te\u00f1ido negro mate que combina a la perfecci\u00f3n con los tonos blancos y grises del material cer\u00e1mico utilizado para el sobre. Dispone de un pr\u00e1ctico caj\u00f3n y la base es de metal negro con acabado mate.<\/p>\n","protected":false},"featured_media":291715,"comment_status":"open","ping_status":"closed","template":"","meta":{"_et_pb_use_builder":"","_et_pb_old_content":"","_et_gb_content_width":""},"product_brand":[],"product_cat":[773],"product_tag":[],"class_list":{"0":"post-291951","1":"product","2":"type-product","3":"status-publish","4":"has-post-thumbnail","6":"product_cat-tablas","8":"first","9":"outofstock","10":"shipping-taxable","11":"purchasable","12":"product-type-simple"},"_links":{"self":[{"href":"https:\/\/chulointeriors.com\/es\/wp-json\/wp\/v2\/product\/291951","targetHints":{"allow":["GET"]}}],"collection":[{"href":"https:\/\/chulointeriors.com\/es\/wp-json\/wp\/v2\/product"}],"about":[{"href":"https:\/\/chulointeriors.com\/es\/wp-json\/wp\/v2\/types\/product"}],"replies":[{"embeddable":true,"href":"https:\/\/chulointeriors.com\/es\/wp-json\/wp\/v2\/comments?post=291951"}],"wp:featuredmedia":[{"embeddable":true,"href":"https:\/\/chulointeriors.com\/es\/wp-json\/wp\/v2\/media\/291715"}],"wp:attachment":[{"href":"https:\/\/chulointeriors.com\/es\/wp-json\/wp\/v2\/media?parent=291951"}],"wp:term":[{"taxonomy":"product_brand","embeddable":true,"href":"https:\/\/chulointeriors.com\/es\/wp-json\/wp\/v2\/product_brand?post=291951"},{"taxonomy":"product_cat","embeddable":true,"href":"https:\/\/chulointeriors.com\/es\/wp-json\/wp\/v2\/product_cat?post=291951"},{"taxonomy":"product_tag","embeddable":true,"href":"https:\/\/chulointeriors.com\/es\/wp-json\/wp\/v2\/product_tag?post=291951"}],"curies":[{"name":"wp","href":"https:\/\/api.w.org\/{rel}","templated":true}]}}