{"id":291949,"date":"2023-08-29T12:38:06","date_gmt":"2023-08-29T10:38:06","guid":{"rendered":"https:\/\/chulointeriors.com\/product\/lampara-de-mesa-twenty-white-17x88-cm\/"},"modified":"2024-03-19T18:15:43","modified_gmt":"2024-03-19T16:15:43","slug":"lampara-de-mesa-twenty-white-17x88-cm","status":"publish","type":"product","link":"https:\/\/chulointeriors.com\/es\/product\/lampara-de-mesa-twenty-white-17x88-cm\/","title":{"rendered":"L\u00e1mpara de mesa twenty white 17&#215;88 cm"},"content":{"rendered":"<p>L\u00e1mpara de cer\u00e1mica. Esta pieza est\u00e1 realizada en color blanco mate con una textura rugosa que ofrece un tacto muy natural. Las variaciones en este glace tan especial son comunes y deben considerarse caracter\u00edsticas que hacen de cada pieza algo \u00fanico.Tama\u00f1o de la base: 17&#215;50 cm. La pantalla cil\u00edndrica es de fibra de rafia natural con ribete azul oscuro. Medidas pantalla: d41xh33 cm. Bombilla e27.<\/p>\n","protected":false},"excerpt":{"rendered":"<p>L\u00e1mpara de cer\u00e1mica. Esta pieza est\u00e1 realizada en color blanco mate con una textura rugosa que ofrece un tacto muy natural. Las variaciones en este glace tan especial son comunes y deben considerarse caracter\u00edsticas que hacen de cada pieza algo \u00fanico.Tama\u00f1o de la base: 17&#215;50 cm. La pantalla cil\u00edndrica es de fibra de rafia natural [&hellip;]<\/p>\n","protected":false},"featured_media":291722,"comment_status":"open","ping_status":"closed","template":"","meta":{"_et_pb_use_builder":"","_et_pb_old_content":"","_et_gb_content_width":""},"product_brand":[],"product_cat":[785],"product_tag":[],"class_list":{"0":"post-291949","1":"product","2":"type-product","3":"status-publish","4":"has-post-thumbnail","6":"product_cat-lamparas-de-mesa","8":"first","9":"outofstock","10":"shipping-taxable","11":"purchasable","12":"product-type-simple"},"_links":{"self":[{"href":"https:\/\/chulointeriors.com\/es\/wp-json\/wp\/v2\/product\/291949","targetHints":{"allow":["GET"]}}],"collection":[{"href":"https:\/\/chulointeriors.com\/es\/wp-json\/wp\/v2\/product"}],"about":[{"href":"https:\/\/chulointeriors.com\/es\/wp-json\/wp\/v2\/types\/product"}],"replies":[{"embeddable":true,"href":"https:\/\/chulointeriors.com\/es\/wp-json\/wp\/v2\/comments?post=291949"}],"wp:featuredmedia":[{"embeddable":true,"href":"https:\/\/chulointeriors.com\/es\/wp-json\/wp\/v2\/media\/291722"}],"wp:attachment":[{"href":"https:\/\/chulointeriors.com\/es\/wp-json\/wp\/v2\/media?parent=291949"}],"wp:term":[{"taxonomy":"product_brand","embeddable":true,"href":"https:\/\/chulointeriors.com\/es\/wp-json\/wp\/v2\/product_brand?post=291949"},{"taxonomy":"product_cat","embeddable":true,"href":"https:\/\/chulointeriors.com\/es\/wp-json\/wp\/v2\/product_cat?post=291949"},{"taxonomy":"product_tag","embeddable":true,"href":"https:\/\/chulointeriors.com\/es\/wp-json\/wp\/v2\/product_tag?post=291949"}],"curies":[{"name":"wp","href":"https:\/\/api.w.org\/{rel}","templated":true}]}}