{"id":291947,"date":"2023-08-29T13:20:41","date_gmt":"2023-08-29T11:20:41","guid":{"rendered":"https:\/\/chulointeriors.com\/product\/jarron-coleccion-sequoia-pequeno\/"},"modified":"2024-03-19T18:18:31","modified_gmt":"2024-03-19T16:18:31","slug":"jarron-coleccion-sequoia-pequeno","status":"publish","type":"product","link":"https:\/\/chulointeriors.com\/es\/product\/jarron-coleccion-sequoia-pequeno\/","title":{"rendered":"Jarr\u00f3n colecci\u00f3n Sequoia (peque\u00f1o)"},"content":{"rendered":"<p>Jarr\u00f3n de cer\u00e1mica Secuoya. Con un dise\u00f1o org\u00e1nico esta pieza est\u00e1 realizada en color blanco mate con una textura rugosa que ofrece un tacto muy natural. Las variaciones en esta glasa tan especial son comunes y deben considerarse caracter\u00edsticas que hacen de cada pieza algo \u00fanico. Tama\u00f1o peque\u00f1o.<\/p>\n","protected":false},"excerpt":{"rendered":"<p>Jarr\u00f3n de cer\u00e1mica Secuoya. Con un dise\u00f1o org\u00e1nico esta pieza est\u00e1 realizada en color blanco mate con una textura rugosa que ofrece un tacto muy natural. Las variaciones en esta glasa tan especial son comunes y deben considerarse caracter\u00edsticas que hacen de cada pieza algo \u00fanico. Tama\u00f1o peque\u00f1o.<\/p>\n","protected":false},"featured_media":291667,"comment_status":"open","ping_status":"closed","template":"","meta":{"_et_pb_use_builder":"","_et_pb_old_content":"","_et_gb_content_width":""},"product_brand":[],"product_cat":[758],"product_tag":[],"class_list":{"0":"post-291947","1":"product","2":"type-product","3":"status-publish","4":"has-post-thumbnail","6":"product_cat-jarrones","8":"first","9":"outofstock","10":"shipping-taxable","11":"purchasable","12":"product-type-simple"},"_links":{"self":[{"href":"https:\/\/chulointeriors.com\/es\/wp-json\/wp\/v2\/product\/291947","targetHints":{"allow":["GET"]}}],"collection":[{"href":"https:\/\/chulointeriors.com\/es\/wp-json\/wp\/v2\/product"}],"about":[{"href":"https:\/\/chulointeriors.com\/es\/wp-json\/wp\/v2\/types\/product"}],"replies":[{"embeddable":true,"href":"https:\/\/chulointeriors.com\/es\/wp-json\/wp\/v2\/comments?post=291947"}],"wp:featuredmedia":[{"embeddable":true,"href":"https:\/\/chulointeriors.com\/es\/wp-json\/wp\/v2\/media\/291667"}],"wp:attachment":[{"href":"https:\/\/chulointeriors.com\/es\/wp-json\/wp\/v2\/media?parent=291947"}],"wp:term":[{"taxonomy":"product_brand","embeddable":true,"href":"https:\/\/chulointeriors.com\/es\/wp-json\/wp\/v2\/product_brand?post=291947"},{"taxonomy":"product_cat","embeddable":true,"href":"https:\/\/chulointeriors.com\/es\/wp-json\/wp\/v2\/product_cat?post=291947"},{"taxonomy":"product_tag","embeddable":true,"href":"https:\/\/chulointeriors.com\/es\/wp-json\/wp\/v2\/product_tag?post=291947"}],"curies":[{"name":"wp","href":"https:\/\/api.w.org\/{rel}","templated":true}]}}