{"id":291923,"date":"2023-10-10T14:37:19","date_gmt":"2023-10-10T12:37:19","guid":{"rendered":"https:\/\/chulointeriors.com\/product\/sofa-africa\/"},"modified":"2024-03-19T19:00:46","modified_gmt":"2024-03-19T17:00:46","slug":"sofa-africa","status":"publish","type":"product","link":"https:\/\/chulointeriors.com\/es\/product\/sofa-africa\/","title":{"rendered":"Sof\u00e1 \u00c1frica"},"content":{"rendered":"<p><strong>Presentamos el Sof\u00e1 \u00c1frica<\/strong><\/p>\n<p>Eleve su espacio vital con el exquisito Sof\u00e1 \u00c1frica, una obra maestra de confort y estilo. Dise\u00f1ado y fabricado por GrupoTD en Espa\u00f1a, este sof\u00e1 encarna la combinaci\u00f3n perfecta de est\u00e9tica contempor\u00e1nea y artesan\u00eda excepcional.<\/p>\n<p><strong>Disfrute de un lujo incomparable<\/strong><\/p>\n<p>El Sof\u00e1 \u00c1frica es m\u00e1s que un mueble: es una declaraci\u00f3n de gusto refinado y confort incomparable. Ya sea para recibir invitados o para disfrutar de una tranquila velada, este sof\u00e1 proporciona el entorno perfecto para momentos memorables.<\/p>\n<p>Eleve el interior de su hogar con el sof\u00e1 Africa. Descubra el arte de la relajaci\u00f3n y el estilo, todo en un mueble excepcional.<\/p>\n<p>Visite <a href=\"https:\/\/chulointeriors.com\/es\/\">chulointeriors.com<\/a> hoy mismo para explorar nuestras colecciones de muebles y transformar su espacio vital con una elegancia atemporal.<\/p>\n","protected":false},"excerpt":{"rendered":"<p>Presentamos el Sof\u00e1 \u00c1frica Eleve su espacio vital con el exquisito Sof\u00e1 \u00c1frica, una obra maestra de confort y estilo. Dise\u00f1ado y fabricado por GrupoTD en Espa\u00f1a, este sof\u00e1 encarna la combinaci\u00f3n perfecta de est\u00e9tica contempor\u00e1nea y artesan\u00eda excepcional. Disfrute de un lujo incomparable El Sof\u00e1 \u00c1frica es m\u00e1s que un mueble: es una declaraci\u00f3n [&hellip;]<\/p>\n","protected":false},"featured_media":291819,"comment_status":"open","ping_status":"closed","template":"","meta":{"_et_pb_use_builder":"","_et_pb_old_content":"","_et_gb_content_width":""},"product_brand":[],"product_cat":[772],"product_tag":[],"class_list":{"0":"post-291923","1":"product","2":"type-product","3":"status-publish","4":"has-post-thumbnail","6":"product_cat-sofas-es","8":"first","9":"instock","10":"shipping-taxable","11":"purchasable","12":"product-type-simple"},"_links":{"self":[{"href":"https:\/\/chulointeriors.com\/es\/wp-json\/wp\/v2\/product\/291923","targetHints":{"allow":["GET"]}}],"collection":[{"href":"https:\/\/chulointeriors.com\/es\/wp-json\/wp\/v2\/product"}],"about":[{"href":"https:\/\/chulointeriors.com\/es\/wp-json\/wp\/v2\/types\/product"}],"replies":[{"embeddable":true,"href":"https:\/\/chulointeriors.com\/es\/wp-json\/wp\/v2\/comments?post=291923"}],"wp:featuredmedia":[{"embeddable":true,"href":"https:\/\/chulointeriors.com\/es\/wp-json\/wp\/v2\/media\/291819"}],"wp:attachment":[{"href":"https:\/\/chulointeriors.com\/es\/wp-json\/wp\/v2\/media?parent=291923"}],"wp:term":[{"taxonomy":"product_brand","embeddable":true,"href":"https:\/\/chulointeriors.com\/es\/wp-json\/wp\/v2\/product_brand?post=291923"},{"taxonomy":"product_cat","embeddable":true,"href":"https:\/\/chulointeriors.com\/es\/wp-json\/wp\/v2\/product_cat?post=291923"},{"taxonomy":"product_tag","embeddable":true,"href":"https:\/\/chulointeriors.com\/es\/wp-json\/wp\/v2\/product_tag?post=291923"}],"curies":[{"name":"wp","href":"https:\/\/api.w.org\/{rel}","templated":true}]}}