{"id":291921,"date":"2023-10-10T14:56:15","date_gmt":"2023-10-10T12:56:15","guid":{"rendered":"https:\/\/chulointeriors.com\/product\/sofa-toledo\/"},"modified":"2023-11-11T15:06:07","modified_gmt":"2023-11-11T13:06:07","slug":"sofa-toledo","status":"publish","type":"product","link":"https:\/\/chulointeriors.com\/es\/product\/sofa-toledo\/","title":{"rendered":"Sof\u00e1 Toledo"},"content":{"rendered":"<p><strong>Descubra la elegancia y el confort del sof\u00e1 Toledo de Treforma<\/strong><\/p>\n<p>Eleve su espacio vital a nuevas cotas de sofisticaci\u00f3n con el Sof\u00e1 Toledo de Treforma, una verdadera obra maestra del dise\u00f1o y la artesan\u00eda espa\u00f1oles. Dise\u00f1ado para combinar a la perfecci\u00f3n estilo, comodidad y funcionalidad, el Sof\u00e1 Toledo se convertir\u00e1 en el centro de atenci\u00f3n de su hogar.<\/p>\n<p><strong>Experimente el lujo espa\u00f1ol<\/strong><\/p>\n<p>El Sof\u00e1 Toledo de Treforma es m\u00e1s que un mueble; es la encarnaci\u00f3n de la artesan\u00eda espa\u00f1ola y la excelencia en el dise\u00f1o. Ya sea para recibir invitados o para disfrutar de una tranquila velada en casa, este sof\u00e1 ofrece una experiencia de lujo y confort sin igual.<\/p>\n<p>Eleve el interior de su hogar con el Sof\u00e1 Toledo de Treforma. Explore nuestros paquetes de muebles en <a href=\"https:\/\/chulointeriors.com\/es\/\">chulointeriors.com<\/a> y lleve la esencia de la sofisticaci\u00f3n espa\u00f1ola a su espacio vital.<\/p>\n","protected":false},"excerpt":{"rendered":"<p>Descubra la elegancia y el confort del sof\u00e1 Toledo de Treforma Eleve su espacio vital a nuevas cotas de sofisticaci\u00f3n con el Sof\u00e1 Toledo de Treforma, una verdadera obra maestra del dise\u00f1o y la artesan\u00eda espa\u00f1oles. Dise\u00f1ado para combinar a la perfecci\u00f3n estilo, comodidad y funcionalidad, el Sof\u00e1 Toledo se convertir\u00e1 en el centro de [&hellip;]<\/p>\n","protected":false},"featured_media":291824,"comment_status":"open","ping_status":"closed","template":"","meta":{"_et_pb_use_builder":"","_et_pb_old_content":"","_et_gb_content_width":""},"product_brand":[],"product_cat":[772],"product_tag":[],"class_list":{"0":"post-291921","1":"product","2":"type-product","3":"status-publish","4":"has-post-thumbnail","6":"product_cat-sofas-es","8":"first","9":"outofstock","10":"shipping-taxable","11":"purchasable","12":"product-type-simple"},"_links":{"self":[{"href":"https:\/\/chulointeriors.com\/es\/wp-json\/wp\/v2\/product\/291921","targetHints":{"allow":["GET"]}}],"collection":[{"href":"https:\/\/chulointeriors.com\/es\/wp-json\/wp\/v2\/product"}],"about":[{"href":"https:\/\/chulointeriors.com\/es\/wp-json\/wp\/v2\/types\/product"}],"replies":[{"embeddable":true,"href":"https:\/\/chulointeriors.com\/es\/wp-json\/wp\/v2\/comments?post=291921"}],"wp:featuredmedia":[{"embeddable":true,"href":"https:\/\/chulointeriors.com\/es\/wp-json\/wp\/v2\/media\/291824"}],"wp:attachment":[{"href":"https:\/\/chulointeriors.com\/es\/wp-json\/wp\/v2\/media?parent=291921"}],"wp:term":[{"taxonomy":"product_brand","embeddable":true,"href":"https:\/\/chulointeriors.com\/es\/wp-json\/wp\/v2\/product_brand?post=291921"},{"taxonomy":"product_cat","embeddable":true,"href":"https:\/\/chulointeriors.com\/es\/wp-json\/wp\/v2\/product_cat?post=291921"},{"taxonomy":"product_tag","embeddable":true,"href":"https:\/\/chulointeriors.com\/es\/wp-json\/wp\/v2\/product_tag?post=291921"}],"curies":[{"name":"wp","href":"https:\/\/api.w.org\/{rel}","templated":true}]}}