{"id":291919,"date":"2023-10-20T11:30:02","date_gmt":"2023-10-20T09:30:02","guid":{"rendered":"https:\/\/chulointeriors.com\/product\/lampara-de-sobremesa-de-ceramica-bola-con-pantalla\/"},"modified":"2024-03-19T19:06:21","modified_gmt":"2024-03-19T17:06:21","slug":"lampara-de-sobremesa-de-ceramica-bola-con-pantalla","status":"publish","type":"product","link":"https:\/\/chulointeriors.com\/es\/product\/lampara-de-sobremesa-de-ceramica-bola-con-pantalla\/","title":{"rendered":"L\u00e1mpara de sobremesa de cer\u00e1mica Bola con pantalla"},"content":{"rendered":"<p>33&#215;73 cm<\/p>\n<p>Ilumine su espacio con elegancia y estilo con la l\u00e1mpara de sobremesa de cer\u00e1mica &#8220;Bola&#8221; con pantalla. Esta exquisita l\u00e1mpara est\u00e1 dise\u00f1ada para realzar su decoraci\u00f3n interior, ofreciendo una mezcla perfecta de forma y funci\u00f3n.<\/p>\n","protected":false},"excerpt":{"rendered":"<p>33&#215;73 cm Ilumine su espacio con elegancia y estilo con la l\u00e1mpara de sobremesa de cer\u00e1mica &#8220;Bola&#8221; con pantalla. Esta exquisita l\u00e1mpara est\u00e1 dise\u00f1ada para realzar su decoraci\u00f3n interior, ofreciendo una mezcla perfecta de forma y funci\u00f3n.<\/p>\n","protected":false},"featured_media":291829,"comment_status":"open","ping_status":"closed","template":"","meta":{"_et_pb_use_builder":"","_et_pb_old_content":"","_et_gb_content_width":""},"product_brand":[],"product_cat":[785],"product_tag":[],"class_list":{"0":"post-291919","1":"product","2":"type-product","3":"status-publish","4":"has-post-thumbnail","6":"product_cat-lamparas-de-mesa","8":"first","9":"outofstock","10":"shipping-taxable","11":"purchasable","12":"product-type-simple"},"_links":{"self":[{"href":"https:\/\/chulointeriors.com\/es\/wp-json\/wp\/v2\/product\/291919","targetHints":{"allow":["GET"]}}],"collection":[{"href":"https:\/\/chulointeriors.com\/es\/wp-json\/wp\/v2\/product"}],"about":[{"href":"https:\/\/chulointeriors.com\/es\/wp-json\/wp\/v2\/types\/product"}],"replies":[{"embeddable":true,"href":"https:\/\/chulointeriors.com\/es\/wp-json\/wp\/v2\/comments?post=291919"}],"wp:featuredmedia":[{"embeddable":true,"href":"https:\/\/chulointeriors.com\/es\/wp-json\/wp\/v2\/media\/291829"}],"wp:attachment":[{"href":"https:\/\/chulointeriors.com\/es\/wp-json\/wp\/v2\/media?parent=291919"}],"wp:term":[{"taxonomy":"product_brand","embeddable":true,"href":"https:\/\/chulointeriors.com\/es\/wp-json\/wp\/v2\/product_brand?post=291919"},{"taxonomy":"product_cat","embeddable":true,"href":"https:\/\/chulointeriors.com\/es\/wp-json\/wp\/v2\/product_cat?post=291919"},{"taxonomy":"product_tag","embeddable":true,"href":"https:\/\/chulointeriors.com\/es\/wp-json\/wp\/v2\/product_tag?post=291919"}],"curies":[{"name":"wp","href":"https:\/\/api.w.org\/{rel}","templated":true}]}}