{"id":291856,"date":"2023-08-17T11:49:27","date_gmt":"2023-08-17T09:49:27","guid":{"rendered":"https:\/\/chulointeriors.com\/condiciones-generales\/"},"modified":"2023-10-23T12:06:57","modified_gmt":"2023-10-23T10:06:57","slug":"condiciones-generales","status":"publish","type":"page","link":"https:\/\/chulointeriors.com\/es\/condiciones-generales\/","title":{"rendered":"Condiciones generales"},"content":{"rendered":"<p>[et_pb_section fb_built=&#8221;1&#8243; _builder_version=&#8221;4.16&#8243; custom_padding=&#8221;120px|||||&#8221; global_colors_info=&#8221;{}&#8221;][et_pb_row _builder_version=&#8221;4.22.0&#8243; background_size=&#8221;initial&#8221; background_position=&#8221;top_left&#8221; background_repeat=&#8221;repeat&#8221; width=&#8221;90%&#8221; max_width=&#8221;100%&#8221; custom_padding=&#8221;||0px|||&#8221; global_colors_info=&#8221;{}&#8221;][et_pb_column type=&#8221;4_4&#8243; _builder_version=&#8221;4.16&#8243; custom_padding=&#8221;|||&#8221; global_colors_info=&#8221;{}&#8221; custom_padding__hover=&#8221;|||&#8221;][et_pb_post_title meta=&#8221;off&#8221; featured_image=&#8221;off&#8221; _builder_version=&#8221;4.22.0&#8243; _module_preset=&#8221;default&#8221; title_font=&#8221;Objektiv|700||on|||||&#8221; title_font_size=&#8221;30px&#8221; global_colors_info=&#8221;{}&#8221; custom_margin=&#8221;||27px|||&#8221;][\/et_pb_post_title][et_pb_text _builder_version=&#8221;4.22.0&#8243; _module_preset=&#8221;default&#8221; hover_enabled=&#8221;0&#8243; sticky_enabled=&#8221;0&#8243;]<\/p>\n<p>Bienvenido a nuestra tienda online de dise\u00f1o de interiores. Estos t\u00e9rminos y condiciones (&#8220;T\u00e9rminos&#8221;) rigen el uso de nuestro sitio web y las compras que realice de las marcas que aparecen en nuestro sitio web. Al utilizar nuestro sitio web, acepta quedar vinculado por estas Condiciones.<\/p>\n<p>[\/et_pb_text][\/et_pb_column][\/et_pb_row][et_pb_row column_structure=&#8221;1_2,1_2&#8243; _builder_version=&#8221;4.22.0&#8243; background_size=&#8221;initial&#8221; background_position=&#8221;top_left&#8221; background_repeat=&#8221;repeat&#8221; width=&#8221;90%&#8221; max_width=&#8221;100%&#8221; global_colors_info=&#8221;{}&#8221;][et_pb_column type=&#8221;1_2&#8243; _builder_version=&#8221;4.16&#8243; custom_padding=&#8221;|||&#8221; global_colors_info=&#8221;{}&#8221; custom_padding__hover=&#8221;|||&#8221;][et_pb_text _builder_version=&#8221;4.22.0&#8243; text_font=&#8221;Objektiv||||||||&#8221; header_2_font=&#8221;Objektiv||||||||&#8221; background_size=&#8221;initial&#8221; background_position=&#8221;top_left&#8221; background_repeat=&#8221;repeat&#8221; global_colors_info=&#8221;{}&#8221;]<\/p>\n<h2>1. Productos y servicios<\/h2>\n<p>1.1. Chulo Design S.L. ofrece una gama de productos de interiorismo a la venta en nuestro Sitio Web.<br \/>1.2. Nos reservamos el derecho a modificar, actualizar o interrumpir cualquier producto o servicio ofrecido en nuestro Sitio Web en cualquier momento y sin previo aviso.<\/p>\n<h2>2. Pago<\/h2>\n<p>2.1. Todos los precios que aparecen en nuestro Sitio Web incluyen el IVA y est\u00e1n expresados en euros, a menos que se indique lo contrario. Aceptamos el pago mediante tarjeta de cr\u00e9dito, tarjeta de d\u00e9bito o PayPal.<br \/>2.2. Nos reservamos el derecho a modificar los precios de nuestros productos en cualquier momento sin previo aviso.<\/p>\n<h2>3. Entrega<\/h2>\n<p>3.1. Para realizar un pedido, debe ser mayor de 18 a\u00f1os y disponer de un medio de pago v\u00e1lido.<br \/>3.2. Una vez confirmado su pedido, le facilitaremos un plazo de entrega estimado.<br \/>3.3. No nos hacemos responsables de los retrasos o problemas relacionados con la entrega de su pedido. En tales casos, p\u00f3ngase en contacto directamente con el transportista o el proveedor log\u00edstico.<br \/>3.4. Le enviaremos un correo electr\u00f3nico de confirmaci\u00f3n de env\u00edo una vez que su pedido haya sido expedido.<br \/>3.5. Tiene derecho a cancelar su pedido en cualquier momento antes de que se env\u00ede.<\/p>\n<h2>4. Devuelve<\/h2>\n<p>4.1. Si no queda satisfecho con su compra, puede devolver el producto adquirido en nuestro Sitio Web en un plazo de 30 d\u00edas a partir de la fecha de recepci\u00f3n, siempre que se encuentre en su estado y embalaje originales.<br \/>4.2. Para iniciar una devoluci\u00f3n, p\u00f3ngase en contacto con nosotros en info@chulointeriors.com y facil\u00edtenos su n\u00famero de pedido y el motivo de la devoluci\u00f3n. Nos reservamos el derecho a rechazar devoluciones si el producto no se encuentra en su estado original o si la devoluci\u00f3n se solicita fuera del plazo especificado.<br \/>4.3. Los reembolsos se efectuar\u00e1n al m\u00e9todo de pago original en un plazo de 14 d\u00edas a partir de la recepci\u00f3n del producto devuelto.<\/p>\n<p>&nbsp;<\/p>\n<p>[\/et_pb_text][\/et_pb_column][et_pb_column type=&#8221;1_2&#8243; _builder_version=&#8221;4.16&#8243; custom_padding=&#8221;|||&#8221; global_colors_info=&#8221;{}&#8221; custom_padding__hover=&#8221;|||&#8221;][et_pb_text _builder_version=&#8221;4.22.0&#8243; text_font=&#8221;Objektiv||||||||&#8221; header_2_font=&#8221;Objektiv||||||||&#8221; background_size=&#8221;initial&#8221; background_position=&#8221;top_left&#8221; background_repeat=&#8221;repeat&#8221; global_colors_info=&#8221;{}&#8221;]<\/p>\n<p><h2>5. Garant\u00edas<\/h2>\n<p>All products sold on our Website are covered by the manufacturer&#8217;s warranty, which varies depending on the brand and product. Please refer to the manufacturer&#8217;s warranty information for details. In addition, under the Spanish Civil Code, you have the right to request a repair or replacement of a defective product within a reasonable timeframe after purchase.<\/p>\n<h2>6. Responsabilidad<\/h2>\n<p>While we strive to ensure that the products sold on our Website meet the standards set by the brands, we are not responsible for any defects or issues related to the products sold by the brands. In such cases, customers should contact the brand directly for assistance. Our liability to you for any loss or damage arising from the use of any products purchased from the brands featured on our Website is limited to the price paid for the product. Nothing in these terms and conditions shall limit or exclude our liability for death or personal injury caused by our negligence or for fraud or fraudulent misrepresentation.<\/p>\n<h2>7. Ley aplicable y jurisdicci\u00f3n<\/h2>\n<p>These terms and conditions shall be governed by and construed in accordance with the laws of Spain. Any disputes arising from these terms and conditions or your use of our Website shall be subject to the exclusive jurisdiction of the courts of Marbella, Spain.<\/p>\n<h2>8. Modificaciones de las presentes Condiciones Generales<\/h2>\n<p>We reserve the right to modify or update these terms and conditions at any time without prior notice. We will notify you of any changes to these terms and conditions by posting the revised version on our Website. By continuing to use our Website after any such modifications or updates, you agree to be bound by the revised terms and conditions.<\/p>\n<h2>9. Contacte con nosotros<\/h2>\n<p>If you have any questions about these terms and conditions or our Website, please contact us at Chulo design S.L., Camino de la cruz s\/n, Lomas del Rey B4, 2D, 29602, Marbella, Malaga<\/p>\n<\/p>\n<p>[\/et_pb_text][\/et_pb_column][\/et_pb_row][\/et_pb_section]<\/p>\n","protected":false},"excerpt":{"rendered":"<p>Bienvenido a nuestra tienda online de dise\u00f1o de interiores. Estos t\u00e9rminos y condiciones (&#8220;T\u00e9rminos&#8221;) rigen el uso de nuestro sitio web y las compras que realice de las marcas que aparecen en nuestro sitio web. Al utilizar nuestro sitio web, acepta quedar vinculado por estas Condiciones. 1. Productos y servicios 1.1. Chulo Design S.L. ofrece [&hellip;]<\/p>\n","protected":false},"author":1,"featured_media":0,"parent":0,"menu_order":0,"comment_status":"closed","ping_status":"closed","template":"","meta":{"_et_pb_use_builder":"on","_et_pb_old_content":"","_et_gb_content_width":"","footnotes":""},"class_list":["post-291856","page","type-page","status-publish","hentry"],"_links":{"self":[{"href":"https:\/\/chulointeriors.com\/es\/wp-json\/wp\/v2\/pages\/291856","targetHints":{"allow":["GET"]}}],"collection":[{"href":"https:\/\/chulointeriors.com\/es\/wp-json\/wp\/v2\/pages"}],"about":[{"href":"https:\/\/chulointeriors.com\/es\/wp-json\/wp\/v2\/types\/page"}],"author":[{"embeddable":true,"href":"https:\/\/chulointeriors.com\/es\/wp-json\/wp\/v2\/users\/1"}],"replies":[{"embeddable":true,"href":"https:\/\/chulointeriors.com\/es\/wp-json\/wp\/v2\/comments?post=291856"}],"version-history":[{"count":0,"href":"https:\/\/chulointeriors.com\/es\/wp-json\/wp\/v2\/pages\/291856\/revisions"}],"wp:attachment":[{"href":"https:\/\/chulointeriors.com\/es\/wp-json\/wp\/v2\/media?parent=291856"}],"curies":[{"name":"wp","href":"https:\/\/api.w.org\/{rel}","templated":true}]}}