{"id":291849,"date":"2023-07-24T13:28:16","date_gmt":"2023-07-24T11:28:16","guid":{"rendered":"https:\/\/chulointeriors.com\/politica-de-privacidad\/"},"modified":"2025-06-17T14:47:04","modified_gmt":"2025-06-17T12:47:04","slug":"politica-de-privacidad","status":"publish","type":"page","link":"https:\/\/chulointeriors.com\/es\/politica-de-privacidad\/","title":{"rendered":"Pol\u00edtica de privacidad"},"content":{"rendered":"[et_pb_section fb_built=&#8221;1&#8243; _builder_version=&#8221;4.16&#8243; custom_padding=&#8221;120px|||||&#8221; global_colors_info=&#8221;{}&#8221;][et_pb_row _builder_version=&#8221;4.22.0&#8243; background_size=&#8221;initial&#8221; background_position=&#8221;top_left&#8221; background_repeat=&#8221;repeat&#8221; width=&#8221;90%&#8221; max_width=&#8221;100%&#8221; custom_padding=&#8221;||0px|||&#8221; global_colors_info=&#8221;{}&#8221;][et_pb_column type=&#8221;4_4&#8243; _builder_version=&#8221;4.16&#8243; custom_padding=&#8221;|||&#8221; global_colors_info=&#8221;{}&#8221; custom_padding__hover=&#8221;|||&#8221;][et_pb_post_title meta=&#8221;off&#8221; featured_image=&#8221;off&#8221; _builder_version=&#8221;4.22.0&#8243; _module_preset=&#8221;default&#8221; title_font=&#8221;Objektiv|700||on|||||&#8221; title_font_size=&#8221;30px&#8221; global_colors_info=&#8221;{}&#8221;][\/et_pb_post_title][\/et_pb_column][\/et_pb_row][et_pb_row column_structure=&#8221;1_2,1_2&#8243; _builder_version=&#8221;4.22.0&#8243; background_size=&#8221;initial&#8221; background_position=&#8221;top_left&#8221; background_repeat=&#8221;repeat&#8221; width=&#8221;90%&#8221; max_width=&#8221;100%&#8221; global_colors_info=&#8221;{}&#8221;][et_pb_column type=&#8221;1_2&#8243; _builder_version=&#8221;4.16&#8243; custom_padding=&#8221;|||&#8221; global_colors_info=&#8221;{}&#8221; custom_padding__hover=&#8221;|||&#8221;][et_pb_text _builder_version=&#8221;4.27.4&#8243; text_font=&#8221;Objektiv||||||||&#8221; header_2_font=&#8221;Objektiv||||||||&#8221; background_size=&#8221;initial&#8221; background_position=&#8221;top_left&#8221; background_repeat=&#8221;repeat&#8221; global_colors_info=&#8221;{}&#8221;]<p class=\"p1\"><b>1. Qui\u00e9nes somos<\/b><b><\/b><\/p><br><p class=\"p2\">CHULO DESIGN SL (NIF: B02920148)<\/p><br><p class=\"p2\">Direcci\u00f3n: La Plaza del Bulevar, 29649 Mijas-Costa (M\u00e1laga, Espa\u00f1a)<\/p><br><p class=\"p2\">Correo electr\u00f3nico: rusadze@chulointeriors.com<\/p><br><p class=\"p2\">Sitio web: <a href=\"https:\/\/chulointeriors.com\/es\/\">https:\/\/chulointeriors.com<\/a><\/p><br><p class=\"p1\"><b>2. Qu\u00e9 datos recogemos y por qu\u00e9<\/b><b><\/b><\/p><br><p class=\"p2\">Recogemos y tratamos datos personales para fines espec\u00edficos, expl\u00edcitos y leg\u00edtimos:<\/p><br><ul>\r\n<li>\r\n<p class=\"p1\">Gestionar los comentarios y prevenir el spam (direcci\u00f3n IP, user agent, correo electr\u00f3nico anonimizado para Gravatar).<\/p>\r\n<\/li>\r\n<li>\r\n<p class=\"p1\">Gestionar las cuentas de usuario (en su caso).<\/p>\r\n<\/li>\r\n<li>\r\n<p class=\"p1\">Responder a consultas a trav\u00e9s de los formularios de contacto.<\/p>\r\n<\/li>\r\n<li>\r\n<p class=\"p1\">Gestionar las cookies (con su consentimiento).<\/p>\r\n<\/li>\r\n<li>\r\n<p class=\"p1\">Mejorar la funcionalidad del sitio web y an\u00e1lisis (con su consentimiento).<\/p>\r\n<\/li>\r\n<li>\r\n<p class=\"p1\">Enviar comunicaciones comerciales (\u00fanicamente con su consentimiento expl\u00edcito).<\/p>\r\n<\/li>\r\n<\/ul><br><p>&nbsp;<\/p><br><p class=\"p1\"><b>3. Cookies<\/b><b><\/b><\/p><br><p class=\"p2\">Utilizamos cookies propias y de terceros con fines t\u00e9cnicos, anal\u00edticos, de personalizaci\u00f3n y publicitarios.<\/p><br><p class=\"p2\">Puede gestionar sus preferencias de cookies o retirar su consentimiento en cualquier momento a trav\u00e9s de nuestra <a href=\"https:\/\/chulointeriors.com\/cookie-policy\/\">Pol\u00edtica de Cookies<\/a>.<\/p><br><p class=\"p1\"><b>4. Contenido incrustado de otros sitios web<\/b><b><\/b><\/p><br><p class=\"p2\">Los art\u00edculos de este sitio pueden incluir contenido incrustado (por ejemplo, v\u00eddeos, im\u00e1genes). El contenido incrustado de otros sitios web se comporta exactamente igual que si hubiera visitado dicho sitio web. Estos sitios pueden recopilar datos, usar cookies, incorporar seguimiento adicional y supervisar su interacci\u00f3n.<\/p><br><p><\/p>[\/et_pb_text][\/et_pb_column][et_pb_column type=&#8221;1_2&#8243; _builder_version=&#8221;4.16&#8243; custom_padding=&#8221;|||&#8221; global_colors_info=&#8221;{}&#8221; custom_padding__hover=&#8221;|||&#8221;][et_pb_text _builder_version=&#8221;4.27.4&#8243; text_font=&#8221;Objektiv||||||||&#8221; header_2_font=&#8221;Objektiv||||||||&#8221; background_size=&#8221;initial&#8221; background_position=&#8221;top_left&#8221; background_repeat=&#8221;repeat&#8221; global_colors_info=&#8221;{}&#8221;]<p class=\"p1\"><b>5. Cu\u00e1nto tiempo conservamos sus datos<\/b><b><\/b><\/p><br><ul>\r\n<li>\r\n<p class=\"p1\">Los comentarios y sus metadatos se conservan indefinidamente para reconocer y aprobar comentarios posteriores autom\u00e1ticamente.<\/p>\r\n<\/li>\r\n<li>\r\n<p class=\"p1\">Los datos del perfil de usuario (en su caso) se conservan mientras la cuenta est\u00e9 activa.<\/p>\r\n<\/li>\r\n<\/ul><br><p>&nbsp;<\/p><br><p class=\"p1\"><b>6. Sus derechos<\/b><b><\/b><\/p><br><p class=\"p3\">Usted puede:<\/p><br><ul>\r\n<li>\r\n<p class=\"p1\">Acceder a los datos personales que tenemos sobre usted.<\/p>\r\n<\/li>\r\n<li>\r\n<p class=\"p1\">Solicitar la rectificaci\u00f3n o supresi\u00f3n de sus datos.<\/p>\r\n<\/li>\r\n<li>\r\n<p class=\"p1\">Solicitar la limitaci\u00f3n u oponerse al tratamiento.<\/p>\r\n<\/li>\r\n<li>\r\n<p class=\"p1\">Solicitar la portabilidad de sus datos.<\/p>\r\n<\/li>\r\n<li>\r\n<p class=\"p1\">Retirar su consentimiento en cualquier momento sin que ello afecte a la licitud del tratamiento previo.<\/p>\r\n<\/li>\r\n<\/ul><br><p class=\"p3\">Para ejercer estos derechos, puede contactarnos en rusadze@chulointeriors.com o por correo postal en nuestra direcci\u00f3n. Tambi\u00e9n tiene derecho a presentar una reclamaci\u00f3n ante la Agencia Espa\u00f1ola de Protecci\u00f3n de Datos (AEPD).<\/p><br><p class=\"p1\"><b>7. D\u00f3nde se env\u00edan sus datos<\/b><b><\/b><\/p><br><p class=\"p3\">Los comentarios de los visitantes pueden ser revisados mediante un servicio autom\u00e1tico de detecci\u00f3n de spam.<\/p><br><p class=\"p1\"><b>8. Seguridad de los datos<\/b><b><\/b><\/p><br><p class=\"p3\">CHULO DESIGN SL aplica medidas t\u00e9cnicas y organizativas adecuadas al nivel de riesgo para garantizar la confidencialidad, integridad y disponibilidad de los datos personales.<\/p><br><p><!-- \/wp:post-content --><\/p>[\/et_pb_text][\/et_pb_column][\/et_pb_row][\/et_pb_section]<!-- \/wp:freeform -->","protected":false},"excerpt":{"rendered":"<p>1. Qui\u00e9nes somosCHULO DESIGN SL (NIF: B02920148)Direcci\u00f3n: La Plaza del Bulevar, 29649 Mijas-Costa (M\u00e1laga, Espa\u00f1a)Correo electr\u00f3nico: rusadze@chulointeriors.comSitio web: https:\/\/chulointeriors.com2. Qu\u00e9 datos recogemos y por qu\u00e9Recogemos y tratamos datos personales para fines espec\u00edficos, expl\u00edcitos y leg\u00edtimos: Gestionar los comentarios y prevenir el spam (direcci\u00f3n IP, user agent, correo electr\u00f3nico anonimizado para Gravatar). Gestionar las cuentas de [&hellip;]<\/p>\n","protected":false},"author":1,"featured_media":0,"parent":0,"menu_order":0,"comment_status":"closed","ping_status":"open","template":"","meta":{"_et_pb_use_builder":"on","_et_pb_old_content":"","_et_gb_content_width":"","footnotes":""},"class_list":["post-291849","page","type-page","status-publish","hentry"],"_links":{"self":[{"href":"https:\/\/chulointeriors.com\/es\/wp-json\/wp\/v2\/pages\/291849","targetHints":{"allow":["GET"]}}],"collection":[{"href":"https:\/\/chulointeriors.com\/es\/wp-json\/wp\/v2\/pages"}],"about":[{"href":"https:\/\/chulointeriors.com\/es\/wp-json\/wp\/v2\/types\/page"}],"author":[{"embeddable":true,"href":"https:\/\/chulointeriors.com\/es\/wp-json\/wp\/v2\/users\/1"}],"replies":[{"embeddable":true,"href":"https:\/\/chulointeriors.com\/es\/wp-json\/wp\/v2\/comments?post=291849"}],"version-history":[{"count":0,"href":"https:\/\/chulointeriors.com\/es\/wp-json\/wp\/v2\/pages\/291849\/revisions"}],"wp:attachment":[{"href":"https:\/\/chulointeriors.com\/es\/wp-json\/wp\/v2\/media?parent=291849"}],"curies":[{"name":"wp","href":"https:\/\/api.w.org\/{rel}","templated":true}]}}