{"id":291843,"date":"2023-09-19T14:41:44","date_gmt":"2023-09-19T12:41:44","guid":{"rendered":"https:\/\/chulointeriors.com\/entregas-y-devoluciones\/"},"modified":"2023-10-23T11:57:03","modified_gmt":"2023-10-23T09:57:03","slug":"entregas-y-devoluciones","status":"publish","type":"page","link":"https:\/\/chulointeriors.com\/es\/entregas-y-devoluciones\/","title":{"rendered":"Entregas y devoluciones"},"content":{"rendered":"<p>[et_pb_section fb_built=&#8221;1&#8243; _builder_version=&#8221;4.16&#8243; custom_padding=&#8221;120px|||||&#8221; locked=&#8221;off&#8221; global_colors_info=&#8221;{}&#8221;][et_pb_row _builder_version=&#8221;4.22.0&#8243; background_size=&#8221;initial&#8221; background_position=&#8221;top_left&#8221; background_repeat=&#8221;repeat&#8221; width=&#8221;90%&#8221; max_width=&#8221;100%&#8221; custom_padding=&#8221;||0px|||&#8221; global_colors_info=&#8221;{}&#8221;][et_pb_column type=&#8221;4_4&#8243; _builder_version=&#8221;4.16&#8243; custom_padding=&#8221;|||&#8221; global_colors_info=&#8221;{}&#8221; custom_padding__hover=&#8221;|||&#8221;][et_pb_post_title meta=&#8221;off&#8221; featured_image=&#8221;off&#8221; _builder_version=&#8221;4.22.0&#8243; _module_preset=&#8221;default&#8221; title_font=&#8221;Objektiv|700||on|||||&#8221; title_font_size=&#8221;30px&#8221; custom_margin=&#8221;||27px|||&#8221; global_colors_info=&#8221;{}&#8221;][\/et_pb_post_title][\/et_pb_column][\/et_pb_row][et_pb_row _builder_version=&#8221;4.22.0&#8243; background_size=&#8221;initial&#8221; background_position=&#8221;top_left&#8221; background_repeat=&#8221;repeat&#8221; width=&#8221;90%&#8221; max_width=&#8221;100%&#8221; global_colors_info=&#8221;{}&#8221;][et_pb_column type=&#8221;4_4&#8243; _builder_version=&#8221;4.16&#8243; custom_padding=&#8221;|||&#8221; global_colors_info=&#8221;{}&#8221; custom_padding__hover=&#8221;|||&#8221;][et_pb_text _builder_version=&#8221;4.22.1&#8243; text_font=&#8221;Objektiv||||||||&#8221; header_2_font=&#8221;Objektiv||||||||&#8221; background_size=&#8221;initial&#8221; background_position=&#8221;top_left&#8221; background_repeat=&#8221;repeat&#8221; global_colors_info=&#8221;{}&#8221;]<\/p>\n<h2>ENTREGA<\/h2>\n<p>Los gastos de env\u00edo se calculan durante el proceso de compra y dependen de la direcci\u00f3n de entrega y del tama\u00f1o del art\u00edculo.<\/p>\n<p>Puede elegir el m\u00e9todo de env\u00edo preferido durante el proceso de compra.<\/p>\n<p>[\/et_pb_text][et_pb_text _builder_version=&#8221;4.22.1&#8243; text_font=&#8221;Objektiv||||||||&#8221; header_2_font=&#8221;Objektiv||||||||&#8221; background_size=&#8221;initial&#8221; background_position=&#8221;top_left&#8221; background_repeat=&#8221;repeat&#8221; global_colors_info=&#8221;{}&#8221;]<\/p>\n<h2>DEVOLUCIONES<\/h2>\n<p>Estas son las opciones para devolver sus art\u00edculos:<\/p>\n<p><strong>EN TIENDA<\/strong><\/p>\n<p>Puedes devolver tu compra en nuestra tienda Chulo Interiors, situada en La Plaza de Bulevar de la Cala de Mijas, 17, La Cala de Mijas.<\/p>\n<p>Recuerda llevar siempre una copia impresa del ticket de compra o mostrarlo en tu tel\u00e9fono m\u00f3vil.<\/p>\n<p><strong>DESDE TU CASA<\/strong><\/p>\n<p>Las tarifas de devoluci\u00f3n var\u00edan en funci\u00f3n de los gastos de env\u00edo, que correr\u00e1n a cargo de la empresa de mensajer\u00eda.<\/p>\n<p>Si ha realizado la compra utilizando su cuenta en nuestro sitio web: inicie sesi\u00f3n con su nombre de usuario y contrase\u00f1a. Puede realizar una solicitud de devoluci\u00f3n desde la pantalla de detalles del pedido. Enviaremos un mensajero a recoger tu paquete a la direcci\u00f3n que elijas en un plazo de 24-72 horas.<\/p>\n<p>Las devoluciones deben realizarse en un plazo de 14 d\u00edas desde que recibiste el correo electr\u00f3nico de confirmaci\u00f3n de env\u00edo de tu pedido.<\/p>\n<p>Recuerda que necesitas el ticket de compra para devolver cualquier art\u00edculo.<\/p>\n<p>Los art\u00edculos que devuelvas deben estar en las mismas condiciones en las que los recibiste.<\/p>\n<p>Tenga en cuenta que los art\u00edculos personalizados no pueden devolverse a menos que presenten un defecto de calidad.<\/p>\n<p><strong>REEMBOLSO<\/strong><\/p>\n<p>El reembolso se efectuar\u00e1 a trav\u00e9s del mismo m\u00e9todo de pago utilizado para realizar la compra. Si ha utilizado m\u00e1s de un m\u00e9todo de pago, se reembolsar\u00e1 a ambos m\u00e9todos proporcionalmente.<\/p>\n<p>Recibir\u00e1s un correo electr\u00f3nico de confirmaci\u00f3n de la devoluci\u00f3n una vez se haya completado. Si transcurridos m\u00e1s de 14 d\u00edas no has recibido el reembolso en tu cuenta, muestra la confirmaci\u00f3n a tu banco para que agilicen el proceso.<\/p>\n<p>[\/et_pb_text][\/et_pb_column][\/et_pb_row][\/et_pb_section]<\/p>\n","protected":false},"excerpt":{"rendered":"<p>ENTREGA Los gastos de env\u00edo se calculan durante el proceso de compra y dependen de la direcci\u00f3n de entrega y del tama\u00f1o del art\u00edculo. Puede elegir el m\u00e9todo de env\u00edo preferido durante el proceso de compra.DEVOLUCIONES Estas son las opciones para devolver sus art\u00edculos: EN TIENDA Puedes devolver tu compra en nuestra tienda Chulo Interiors, [&hellip;]<\/p>\n","protected":false},"author":1,"featured_media":0,"parent":0,"menu_order":0,"comment_status":"closed","ping_status":"closed","template":"","meta":{"_et_pb_use_builder":"on","_et_pb_old_content":"","_et_gb_content_width":"","footnotes":""},"class_list":["post-291843","page","type-page","status-publish","hentry"],"_links":{"self":[{"href":"https:\/\/chulointeriors.com\/es\/wp-json\/wp\/v2\/pages\/291843","targetHints":{"allow":["GET"]}}],"collection":[{"href":"https:\/\/chulointeriors.com\/es\/wp-json\/wp\/v2\/pages"}],"about":[{"href":"https:\/\/chulointeriors.com\/es\/wp-json\/wp\/v2\/types\/page"}],"author":[{"embeddable":true,"href":"https:\/\/chulointeriors.com\/es\/wp-json\/wp\/v2\/users\/1"}],"replies":[{"embeddable":true,"href":"https:\/\/chulointeriors.com\/es\/wp-json\/wp\/v2\/comments?post=291843"}],"version-history":[{"count":0,"href":"https:\/\/chulointeriors.com\/es\/wp-json\/wp\/v2\/pages\/291843\/revisions"}],"wp:attachment":[{"href":"https:\/\/chulointeriors.com\/es\/wp-json\/wp\/v2\/media?parent=291843"}],"curies":[{"name":"wp","href":"https:\/\/api.w.org\/{rel}","templated":true}]}}